{"id":288,"date":"2013-07-22T00:13:04","date_gmt":"2013-07-22T00:13:04","guid":{"rendered":"https:\/\/komikog.dk\/?page_id=288"},"modified":"2013-07-22T00:17:40","modified_gmt":"2013-07-22T00:17:40","slug":"rss-2","status":"publish","type":"page","link":"https:\/\/komikog.dk\/?page_id=288","title":{"rendered":"RSS"},"content":{"rendered":"<p>RSS (eng: Really Simple Syndication) betyder rigtig simpel syndikering eller let opdateringsstr\u00f8m.<\/p>\n<p>Brug disse RSS-feeds til at f\u00f8lge med i str\u00f8mmen af opskrifter og information p\u00e5 denne side, enten via en af de mange RSS tjenester der findes derude, eller via en dedikeret RSS-l\u00e6ser p\u00e5 PC eller smartphone.<\/p>\n<hr \/>\n<p><strong>Kategorier<\/strong><\/p>\n<p><strong>Bagv\u00e6rk<\/strong> :\u00a0<a title=\"Bagv\u00e6rk \" href=\"https:\/\/komikog.dk\/?cat=6&amp;feed=rss2\">https:\/\/komikog.dk\/?cat=6&amp;feed=rss2<\/a><br \/>\n<strong>Bagv\u00e6rk G\u00e6rdej<\/strong> : <a title=\"Bagv\u00e6rk G\u00e6rdej \" href=\"https:\/\/komikog.dk\/?cat=10&amp;feed=rss2\">https:\/\/komikog.dk\/?cat=10&amp;feed=rss2<\/a><br \/>\n<strong>Bagv\u00e6rk Kager :<\/strong> <a title=\"Bagv\u00e6rk Kager \" href=\"https:\/\/komikog.dk\/?cat=21&amp;feed=rss2\">https:\/\/komikog.dk\/?cat=21&amp;feed=rss2<\/a><\/p>\n<p><strong>Tilbeh\u00f8r<\/strong> <a title=\"Tilbeh\u00f8r\" href=\"https:\/\/komikog.dk\/?cat=45&amp;feed=rss2\">https:\/\/komikog.dk\/?cat=45&amp;feed=rss2<\/a><br \/>\n<strong>Tilbeh\u00f8r &#8211; Gr\u00f8ntsager<\/strong> <a title=\"Tilbeh\u00f8r - Gr\u00f8ntsager\" href=\"https:\/\/komikog.dk\/?cat=46&amp;feed=rss2\">https:\/\/komikog.dk\/?cat=46&amp;feed=rss2<\/a><\/p>\n<p><strong>Frokost<\/strong> :\u00a0<a title=\"Frokost\" href=\"https:\/\/komikog.dk\/?cat=16&amp;feed=rss2\">https:\/\/komikog.dk\/?cat=16&amp;feed=rss2<br \/>\n<\/a><strong>Frokost &#8211; Vegetar<\/strong> : <a title=\"Frokost - Vegetar \" href=\"https:\/\/komikog.dk\/?cat=47&amp;feed=rss2\">https:\/\/komikog.dk\/?cat=47&amp;feed=rss2<\/a><\/p>\n<p><strong>Slow cooker<\/strong> :\u00a0<a title=\"Slow cooker \" href=\"https:\/\/komikog.dk\/?cat=3&amp;feed=rss2\">https:\/\/komikog.dk\/?cat=3&amp;feed=rss2<\/a><\/p>\n<p><strong>Hovedret:\u00a0<\/strong> <a title=\"Hovedret \" href=\"https:\/\/komikog.dk\/?cat=8&amp;feed=rss2\">https:\/\/komikog.dk\/?cat=8&amp;feed=rss2<br \/>\n<\/a><strong>Hovedret &#8211; fisk:\u00a0<\/strong> <a title=\"Hovedret fisk \" href=\"https:\/\/komikog.dk\/?cat=25&amp;feed=rss2\">https:\/\/komikog.dk\/?cat=25&amp;feed=rss2<br \/>\n<\/a><strong>Hovedret &#8211;\u00a0fjerkr\u00e6:\u00a0<\/strong> <a title=\"Hovedret fjerkr\u00e6 \" href=\"https:\/\/komikog.dk\/?cat=13&amp;feed=rss2\">https:\/\/komikog.dk\/?cat=13&amp;feed=rss2<br \/>\n<\/a><strong>Hovedret &#8211;\u00a0K\u00f8d:\u00a0<\/strong> <a title=\"Hovedret K\u00f8d \" href=\"https:\/\/komikog.dk\/?cat=9&amp;feed=rss2\">https:\/\/komikog.dk\/?cat=9&amp;feed=rss2<br \/>\n<\/a><strong>Hovedret &#8211;\u00a0Okse:<\/strong>\u00a0 <a title=\"Hovedret Okse \" href=\"https:\/\/komikog.dk\/?cat=11&amp;feed=rss2\">https:\/\/komikog.dk\/?cat=11&amp;feed=rss2<br \/>\n<\/a><strong>Hovedret &#8211;\u00a0Vegetar:\u00a0<\/strong> <a title=\"Hovedret Vegetar \" href=\"https:\/\/komikog.dk\/?cat=14&amp;feed=rss2\">https:\/\/komikog.dk\/?cat=14&amp;feed=rss2<br \/>\n<\/a><strong>Hovedret &#8211;\u00a0P\u00f8lser :<\/strong>\u00a0<a title=\"Hovedret P\u00f8lser \" href=\"https:\/\/komikog.dk\/?cat=51&amp;feed=rss2\">https:\/\/komikog.dk\/?cat=51&amp;feed=rss2<\/a><\/p>\n<p><strong>Dessert :<\/strong> <a title=\"Dessert\" href=\"https:\/\/komikog.dk\/?cat=17&amp;feed=rss2\">https:\/\/komikog.dk\/?cat=17&amp;feed=rss2<\/a><br \/>\n<strong>Dessert &#8211; Vafler :<\/strong> <a title=\"Dessert Vafler\" href=\"https:\/\/komikog.dk\/?cat=38&amp;feed=rss2\">https:\/\/komikog.dk\/?cat=38&amp;feed=rss2<\/a><\/p>\n<p>&nbsp;<\/p>\n","protected":false},"excerpt":{"rendered":"<p>RSS (eng: Really Simple Syndication) betyder rigtig simpel syndikering eller let opdateringsstr\u00f8m. Brug disse RSS-feeds til at f\u00f8lge med i str\u00f8mmen af opskrifter og information p\u00e5 denne side, enten via en af de mange RSS tjenester der findes derude, eller via en dedikeret RSS-l\u00e6ser p\u00e5 PC eller smartphone. Kategorier Bagv\u00e6rk :\u00a0https:\/\/komikog.dk\/?cat=6&amp;feed=rss2 Bagv\u00e6rk G\u00e6rdej : https:\/\/komikog.dk\/?cat=10&amp;feed=rss2 [&hellip;]<\/p>\n","protected":false},"author":1,"featured_media":0,"parent":0,"menu_order":0,"comment_status":"open","ping_status":"open","template":"","meta":{"footnotes":""},"class_list":["post-288","page","type-page","status-publish","hentry"],"_links":{"self":[{"href":"https:\/\/komikog.dk\/index.php?rest_route=\/wp\/v2\/pages\/288","targetHints":{"allow":["GET"]}}],"collection":[{"href":"https:\/\/komikog.dk\/index.php?rest_route=\/wp\/v2\/pages"}],"about":[{"href":"https:\/\/komikog.dk\/index.php?rest_route=\/wp\/v2\/types\/page"}],"author":[{"embeddable":true,"href":"https:\/\/komikog.dk\/index.php?rest_route=\/wp\/v2\/users\/1"}],"replies":[{"embeddable":true,"href":"https:\/\/komikog.dk\/index.php?rest_route=%2Fwp%2Fv2%2Fcomments&post=288"}],"version-history":[{"count":4,"href":"https:\/\/komikog.dk\/index.php?rest_route=\/wp\/v2\/pages\/288\/revisions"}],"predecessor-version":[{"id":291,"href":"https:\/\/komikog.dk\/index.php?rest_route=\/wp\/v2\/pages\/288\/revisions\/291"}],"wp:attachment":[{"href":"https:\/\/komikog.dk\/index.php?rest_route=%2Fwp%2Fv2%2Fmedia&parent=288"}],"curies":[{"name":"wp","href":"https:\/\/api.w.org\/{rel}","templated":true}]}}